{"id":65,"date":"2019-05-29T00:22:31","date_gmt":"2019-05-28T22:22:31","guid":{"rendered":"http:\/\/souvenir-guillaume.fr\/?page_id=65"},"modified":"2022-12-11T23:03:28","modified_gmt":"2022-12-11T22:03:28","slug":"page-accueil","status":"publish","type":"page","link":"https:\/\/souvenir-guillaume.fr\/","title":{"rendered":"Ce site est d\u00e9di\u00e9 \u00e0 Guillaume"},"content":{"rendered":"\n<figure class=\"wp-block-image size-medium is-style-default\"><img loading=\"lazy\" decoding=\"async\" width=\"300\" height=\"300\" src=\"http:\/\/souvenir-guillaume.fr\/wp-content\/uploads\/2019\/05\/cropped-olivier-300x300.jpg\" alt=\"\" class=\"wp-image-67\" srcset=\"https:\/\/souvenir-guillaume.fr\/wp-content\/uploads\/2019\/05\/cropped-olivier-300x300.jpg 300w, https:\/\/souvenir-guillaume.fr\/wp-content\/uploads\/2019\/05\/cropped-olivier-150x150.jpg 150w, https:\/\/souvenir-guillaume.fr\/wp-content\/uploads\/2019\/05\/cropped-olivier-270x270.jpg 270w, https:\/\/souvenir-guillaume.fr\/wp-content\/uploads\/2019\/05\/cropped-olivier-192x192.jpg 192w, https:\/\/souvenir-guillaume.fr\/wp-content\/uploads\/2019\/05\/cropped-olivier-180x180.jpg 180w, https:\/\/souvenir-guillaume.fr\/wp-content\/uploads\/2019\/05\/cropped-olivier-32x32.jpg 32w, https:\/\/souvenir-guillaume.fr\/wp-content\/uploads\/2019\/05\/cropped-olivier.jpg 512w\" sizes=\"(max-width: 300px) 100vw, 300px\" \/><figcaption class=\"wp-element-caption\"><strong><span class=\"has-inline-color has-vivid-purple-color\">14\/12\/1997<\/span><\/strong>  <strong>                                                                                    <span class=\"has-inline-color has-vivid-red-color\">21\/05\/2018<\/span><\/strong><\/figcaption><\/figure>\n\n\n<div class=\"wp-block-image\">\n<figure class=\"alignright size-medium\"><img loading=\"lazy\" decoding=\"async\" width=\"209\" height=\"300\" src=\"http:\/\/souvenir-guillaume.fr\/wp-content\/uploads\/2019\/05\/img20180529_18523630-209x300.jpg\" alt=\"\" class=\"wp-image-16\" srcset=\"https:\/\/souvenir-guillaume.fr\/wp-content\/uploads\/2019\/05\/img20180529_18523630-209x300.jpg 209w, https:\/\/souvenir-guillaume.fr\/wp-content\/uploads\/2019\/05\/img20180529_18523630.jpg 683w\" sizes=\"(max-width: 209px) 100vw, 209px\" \/><\/figure><\/div>\n\n\n<p><\/p>\n","protected":false},"excerpt":{"rendered":"","protected":false},"author":1,"featured_media":0,"parent":0,"menu_order":0,"comment_status":"closed","ping_status":"closed","template":"","meta":{"footnotes":""},"_links":{"self":[{"href":"https:\/\/souvenir-guillaume.fr\/index.php?rest_route=\/wp\/v2\/pages\/65"}],"collection":[{"href":"https:\/\/souvenir-guillaume.fr\/index.php?rest_route=\/wp\/v2\/pages"}],"about":[{"href":"https:\/\/souvenir-guillaume.fr\/index.php?rest_route=\/wp\/v2\/types\/page"}],"author":[{"embeddable":true,"href":"https:\/\/souvenir-guillaume.fr\/index.php?rest_route=\/wp\/v2\/users\/1"}],"replies":[{"embeddable":true,"href":"https:\/\/souvenir-guillaume.fr\/index.php?rest_route=%2Fwp%2Fv2%2Fcomments&post=65"}],"version-history":[{"count":7,"href":"https:\/\/souvenir-guillaume.fr\/index.php?rest_route=\/wp\/v2\/pages\/65\/revisions"}],"predecessor-version":[{"id":209,"href":"https:\/\/souvenir-guillaume.fr\/index.php?rest_route=\/wp\/v2\/pages\/65\/revisions\/209"}],"wp:attachment":[{"href":"https:\/\/souvenir-guillaume.fr\/index.php?rest_route=%2Fwp%2Fv2%2Fmedia&parent=65"}],"curies":[{"name":"wp","href":"https:\/\/api.w.org\/{rel}","templated":true}]}}